{"id":14,"date":"2011-02-28T13:07:10","date_gmt":"2011-02-28T12:07:10","guid":{"rendered":"http:\/\/www.kerepes-zarszerviz.hu\/?page_id=14"},"modified":"2021-03-17T13:47:54","modified_gmt":"2021-03-17T11:47:54","slug":"kapcsolat","status":"publish","type":"page","link":"https:\/\/www.kerepes-zarszerviz.hu\/?page_id=14","title":{"rendered":"Kapcsolat"},"content":{"rendered":"\n<div style=\"height:100px\" aria-hidden=\"true\" class=\"wp-block-spacer\"><\/div>\n\n\n\n<h1><img loading=\"lazy\" class=\"alignright size-full wp-image-21\" title=\"Telephone_Operator_kicsi\" src=\"http:\/\/www.kerepes-zarszerviz.hu\/wp-content\/uploads\/2011\/02\/Telephone_Operator_kicsi.jpg\" alt=\"\" width=\"100\" height=\"150\">Tel: 06 28 815 277<\/h1>\n\n\n\n<p>Mi\u00e9rt is \u00e9rdemes kapcsolatba ker\u00fclni vel\u00fcnk? Mert szakembereink t\u00f6bb ezer ilyen \u00e9s hasonl\u00f3 munkafolyamaton vannak m\u00e1r t\u00fal, c\u00e9g\u00fcnkn\u00e9l t\u00f6bb \u00e9ve dolgoznak \u00e9s ez\u00e1ltal megb\u00edzhat\u00f3s\u00e1guk 100%-os.<\/p>\n","protected":false},"excerpt":{"rendered":"<p>Tel: 06 28 815 277 Mi\u00e9rt is \u00e9rdemes kapcsolatba ker\u00fclni vel\u00fcnk? Mert szakembereink t\u00f6bb ezer ilyen \u00e9s hasonl\u00f3 munkafolyamaton vannak m\u00e1r t\u00fal, c\u00e9g\u00fcnkn\u00e9l t\u00f6bb \u00e9ve dolgoznak \u00e9s ez\u00e1ltal megb\u00edzhat\u00f3s\u00e1guk 100%-os.<\/p>\n","protected":false},"author":1,"featured_media":0,"parent":0,"menu_order":1,"comment_status":"closed","ping_status":"open","template":"","meta":[],"_links":{"self":[{"href":"https:\/\/www.kerepes-zarszerviz.hu\/index.php?rest_route=\/wp\/v2\/pages\/14"}],"collection":[{"href":"https:\/\/www.kerepes-zarszerviz.hu\/index.php?rest_route=\/wp\/v2\/pages"}],"about":[{"href":"https:\/\/www.kerepes-zarszerviz.hu\/index.php?rest_route=\/wp\/v2\/types\/page"}],"author":[{"embeddable":true,"href":"https:\/\/www.kerepes-zarszerviz.hu\/index.php?rest_route=\/wp\/v2\/users\/1"}],"replies":[{"embeddable":true,"href":"https:\/\/www.kerepes-zarszerviz.hu\/index.php?rest_route=%2Fwp%2Fv2%2Fcomments&post=14"}],"version-history":[{"count":9,"href":"https:\/\/www.kerepes-zarszerviz.hu\/index.php?rest_route=\/wp\/v2\/pages\/14\/revisions"}],"predecessor-version":[{"id":40,"href":"https:\/\/www.kerepes-zarszerviz.hu\/index.php?rest_route=\/wp\/v2\/pages\/14\/revisions\/40"}],"wp:attachment":[{"href":"https:\/\/www.kerepes-zarszerviz.hu\/index.php?rest_route=%2Fwp%2Fv2%2Fmedia&parent=14"}],"curies":[{"name":"wp","href":"https:\/\/api.w.org\/{rel}","templated":true}]}}